{"id":11,"date":"2018-12-12T15:46:02","date_gmt":"2018-12-12T14:46:02","guid":{"rendered":"http:\/\/shop.vana-events.nl\/product\/import-placeholder-for-556\/"},"modified":"2026-03-03T06:09:32","modified_gmt":"2026-03-03T05:09:32","slug":"castlefest-2017-cd","status":"publish","type":"product","link":"https:\/\/shop.vana-events.nl\/en\/product\/castlefest-2017-cd\/","title":{"rendered":"Castlefest 2017 CD"},"content":{"rendered":"","protected":false},"excerpt":{"rendered":"<p>The CD of Castlefest 2017:<\/p>\n<ol>\n<li>Cesair &#8211; Erda<\/li>\n<li>Brisinga &#8211; Sol og R\u00f8g<\/li>\n<li>Cu\u00e9lebre &#8211; Nemhaim<\/li>\n<li>Emian &#8211; Hyria<\/li>\n<li>RAN &#8211; Ran<\/li>\n<li>Ball Noir &#8211; Never again (waltz)<\/li>\n<li>Heilung &#8211; Kriegsgaldr<\/li>\n<li>Seed &#8211; Goblins Pogo<\/li>\n<li>Berlinski Beat &#8211; Haus auf R\u00e4dern<\/li>\n<li>Ye Banished Privateers &#8211; Ship is sinkin<\/li>\n<li>Mutefish &#8211; Torq<\/li>\n<li>Corvus Corax &#8211; L\u00e1 \u00ed m Bealtaine<\/li>\n<li>La Horde &#8211; Bab&#8217;El<\/li>\n<li>Rapalje &#8211; Heart of Steel<\/li>\n<li>The Dolmen &#8211; Sisters of the Earth<\/li>\n<li>Plunder &#8211; Het Zwarte Schaap<\/li>\n<\/ol>","protected":false},"featured_media":9931,"template":"","meta":{"jetpack_post_was_ever_published":true,"jetpack_publicize_message":"","jetpack_publicize_feature_enabled":true,"jetpack_social_post_already_shared":true,"jetpack_social_options":{"image_generator_settings":{"template":"highway","enabled":false}}},"product_cat":[16,22,70],"product_tag":[],"jetpack_publicize_connections":[],"yoast_head":"<!-- This site is optimized with the Yoast SEO plugin v22.0 - https:\/\/yoast.com\/wordpress\/plugins\/seo\/ -->\n<title>Castlefest 2017 CD - Vana Events<\/title>\n<meta name=\"robots\" content=\"index, follow, max-snippet:-1, max-image-preview:large, max-video-preview:-1\" \/>\n<link rel=\"canonical\" href=\"https:\/\/shop.vana-events.nl\/en\/product\/castlefest-2017-cd\/\" \/>\n<meta property=\"og:locale\" content=\"en_GB\" \/>\n<meta property=\"og:type\" content=\"article\" \/>\n<meta property=\"og:title\" content=\"Castlefest 2017 CD - Vana Events\" \/>\n<meta property=\"og:description\" content=\"De CD van Castlefest 2017:   Cesair - Erda  Brisinga - Sol og R\u00f8g  Cu\u00e9lebre - Nemhaim  Emian - Hyria  RAN - Ran  Ball Noir - Never again (waltz)  Heilung - Kriegsgaldr  Seed - Goblins Pogo  Berlinski Beat - Haus auf R\u00e4dern  Ye Banished Privateers - Ship is sinkin  Mutefish - Torq  Corvus Corax - L\u00e1 \u00ed m Bealtaine  La Horde - Bab&#039;El  Rapalje - Heart of Steel  The Dolmen - Sisters of the Earth  Plunder - Het Zwarte Schaap\" \/>\n<meta property=\"og:url\" content=\"https:\/\/shop.vana-events.nl\/en\/product\/castlefest-2017-cd\/\" \/>\n<meta property=\"og:site_name\" content=\"Vana Events\" \/>\n<meta property=\"article:modified_time\" content=\"2026-03-03T05:09:32+00:00\" \/>\n<meta property=\"og:image\" content=\"https:\/\/shop.vana-events.nl\/wp-content\/uploads\/2018\/12\/CF-2017-cd-set.jpg\" \/>\n\t<meta property=\"og:image:width\" content=\"1080\" \/>\n\t<meta property=\"og:image:height\" content=\"1080\" \/>\n\t<meta property=\"og:image:type\" content=\"image\/jpeg\" \/>\n<meta name=\"twitter:card\" content=\"summary_large_image\" \/>\n<meta name=\"twitter:label1\" content=\"Estimated reading time\" \/>\n\t<meta name=\"twitter:data1\" content=\"1 minute\" \/>\n<script type=\"application\/ld+json\" class=\"yoast-schema-graph\">{\"@context\":\"https:\/\/schema.org\",\"@graph\":[{\"@type\":\"WebPage\",\"@id\":\"https:\/\/shop.vana-events.nl\/product\/castlefest-2017-cd\/\",\"url\":\"https:\/\/shop.vana-events.nl\/product\/castlefest-2017-cd\/\",\"name\":\"Castlefest 2017 CD - Vana Events\",\"isPartOf\":{\"@id\":\"https:\/\/shop.vana-events.nl\/#website\"},\"datePublished\":\"2018-12-12T14:46:02+00:00\",\"dateModified\":\"2026-03-03T05:09:32+00:00\",\"breadcrumb\":{\"@id\":\"https:\/\/shop.vana-events.nl\/product\/castlefest-2017-cd\/#breadcrumb\"},\"inLanguage\":\"en-GB\",\"potentialAction\":[{\"@type\":\"ReadAction\",\"target\":[\"https:\/\/shop.vana-events.nl\/product\/castlefest-2017-cd\/\"]}]},{\"@type\":\"BreadcrumbList\",\"@id\":\"https:\/\/shop.vana-events.nl\/product\/castlefest-2017-cd\/#breadcrumb\",\"itemListElement\":[{\"@type\":\"ListItem\",\"position\":1,\"name\":\"Home\",\"item\":\"https:\/\/shop.vana-events.nl\/\"},{\"@type\":\"ListItem\",\"position\":2,\"name\":\"Castlefest webshop\",\"item\":\"https:\/\/shop.vana-events.nl\/\"},{\"@type\":\"ListItem\",\"position\":3,\"name\":\"Castlefest 2017 CD\"}]},{\"@type\":\"WebSite\",\"@id\":\"https:\/\/shop.vana-events.nl\/#website\",\"url\":\"https:\/\/shop.vana-events.nl\/\",\"name\":\"Vana Events\",\"description\":\"merchandise\",\"publisher\":{\"@id\":\"https:\/\/shop.vana-events.nl\/#organization\"},\"potentialAction\":[{\"@type\":\"SearchAction\",\"target\":{\"@type\":\"EntryPoint\",\"urlTemplate\":\"https:\/\/shop.vana-events.nl\/?s={search_term_string}\"},\"query-input\":\"required name=search_term_string\"}],\"inLanguage\":\"en-GB\"},{\"@type\":\"Organization\",\"@id\":\"https:\/\/shop.vana-events.nl\/#organization\",\"name\":\"Vana Events\",\"url\":\"https:\/\/shop.vana-events.nl\/\",\"logo\":{\"@type\":\"ImageObject\",\"inLanguage\":\"en-GB\",\"@id\":\"https:\/\/shop.vana-events.nl\/#\/schema\/logo\/image\/\",\"url\":\"https:\/\/shop.vana-events.nl\/wp-content\/uploads\/2018\/12\/cropped-VanaLogoIngekleurd1024-1024x543-2.png\",\"contentUrl\":\"https:\/\/shop.vana-events.nl\/wp-content\/uploads\/2018\/12\/cropped-VanaLogoIngekleurd1024-1024x543-2.png\",\"width\":1024,\"height\":543,\"caption\":\"Vana Events\"},\"image\":{\"@id\":\"https:\/\/shop.vana-events.nl\/#\/schema\/logo\/image\/\"}}]}<\/script>\n<!-- \/ Yoast SEO plugin. -->","yoast_head_json":{"title":"Castlefest 2017 CD - Vana Events","robots":{"index":"index","follow":"follow","max-snippet":"max-snippet:-1","max-image-preview":"max-image-preview:large","max-video-preview":"max-video-preview:-1"},"canonical":"https:\/\/shop.vana-events.nl\/en\/product\/castlefest-2017-cd\/","og_locale":"en_GB","og_type":"article","og_title":"Castlefest 2017 CD - Vana Events","og_description":"De CD van Castlefest 2017:   Cesair - Erda  Brisinga - Sol og R\u00f8g  Cu\u00e9lebre - Nemhaim  Emian - Hyria  RAN - Ran  Ball Noir - Never again (waltz)  Heilung - Kriegsgaldr  Seed - Goblins Pogo  Berlinski Beat - Haus auf R\u00e4dern  Ye Banished Privateers - Ship is sinkin  Mutefish - Torq  Corvus Corax - L\u00e1 \u00ed m Bealtaine  La Horde - Bab'El  Rapalje - Heart of Steel  The Dolmen - Sisters of the Earth  Plunder - Het Zwarte Schaap","og_url":"https:\/\/shop.vana-events.nl\/en\/product\/castlefest-2017-cd\/","og_site_name":"Vana Events","article_modified_time":"2026-03-03T05:09:32+00:00","og_image":[{"width":1080,"height":1080,"url":"https:\/\/shop.vana-events.nl\/wp-content\/uploads\/2018\/12\/CF-2017-cd-set.jpg","type":"image\/jpeg"}],"twitter_card":"summary_large_image","twitter_misc":{"Estimated reading time":"1 minute"},"schema":{"@context":"https:\/\/schema.org","@graph":[{"@type":"WebPage","@id":"https:\/\/shop.vana-events.nl\/product\/castlefest-2017-cd\/","url":"https:\/\/shop.vana-events.nl\/product\/castlefest-2017-cd\/","name":"Castlefest 2017 CD - Vana Events","isPartOf":{"@id":"https:\/\/shop.vana-events.nl\/#website"},"datePublished":"2018-12-12T14:46:02+00:00","dateModified":"2026-03-03T05:09:32+00:00","breadcrumb":{"@id":"https:\/\/shop.vana-events.nl\/product\/castlefest-2017-cd\/#breadcrumb"},"inLanguage":"en-GB","potentialAction":[{"@type":"ReadAction","target":["https:\/\/shop.vana-events.nl\/product\/castlefest-2017-cd\/"]}]},{"@type":"BreadcrumbList","@id":"https:\/\/shop.vana-events.nl\/product\/castlefest-2017-cd\/#breadcrumb","itemListElement":[{"@type":"ListItem","position":1,"name":"Home","item":"https:\/\/shop.vana-events.nl\/"},{"@type":"ListItem","position":2,"name":"Castlefest webshop","item":"https:\/\/shop.vana-events.nl\/"},{"@type":"ListItem","position":3,"name":"Castlefest 2017 CD"}]},{"@type":"WebSite","@id":"https:\/\/shop.vana-events.nl\/#website","url":"https:\/\/shop.vana-events.nl\/","name":"Vana Events","description":"merchandise","publisher":{"@id":"https:\/\/shop.vana-events.nl\/#organization"},"potentialAction":[{"@type":"SearchAction","target":{"@type":"EntryPoint","urlTemplate":"https:\/\/shop.vana-events.nl\/?s={search_term_string}"},"query-input":"required name=search_term_string"}],"inLanguage":"en-GB"},{"@type":"Organization","@id":"https:\/\/shop.vana-events.nl\/#organization","name":"Vana Events","url":"https:\/\/shop.vana-events.nl\/","logo":{"@type":"ImageObject","inLanguage":"en-GB","@id":"https:\/\/shop.vana-events.nl\/#\/schema\/logo\/image\/","url":"https:\/\/shop.vana-events.nl\/wp-content\/uploads\/2018\/12\/cropped-VanaLogoIngekleurd1024-1024x543-2.png","contentUrl":"https:\/\/shop.vana-events.nl\/wp-content\/uploads\/2018\/12\/cropped-VanaLogoIngekleurd1024-1024x543-2.png","width":1024,"height":543,"caption":"Vana Events"},"image":{"@id":"https:\/\/shop.vana-events.nl\/#\/schema\/logo\/image\/"}}]}},"jetpack_sharing_enabled":true,"_links":{"self":[{"href":"https:\/\/shop.vana-events.nl\/en\/wp-json\/wp\/v2\/product\/11"}],"collection":[{"href":"https:\/\/shop.vana-events.nl\/en\/wp-json\/wp\/v2\/product"}],"about":[{"href":"https:\/\/shop.vana-events.nl\/en\/wp-json\/wp\/v2\/types\/product"}],"wp:featuredmedia":[{"embeddable":true,"href":"https:\/\/shop.vana-events.nl\/en\/wp-json\/wp\/v2\/media\/9931"}],"wp:attachment":[{"href":"https:\/\/shop.vana-events.nl\/en\/wp-json\/wp\/v2\/media?parent=11"}],"wp:term":[{"taxonomy":"product_cat","embeddable":true,"href":"https:\/\/shop.vana-events.nl\/en\/wp-json\/wp\/v2\/product_cat?post=11"},{"taxonomy":"product_tag","embeddable":true,"href":"https:\/\/shop.vana-events.nl\/en\/wp-json\/wp\/v2\/product_tag?post=11"}],"curies":[{"name":"wp","href":"https:\/\/api.w.org\/{rel}","templated":true}]}}