{"id":20,"date":"2018-12-12T15:46:04","date_gmt":"2018-12-12T14:46:04","guid":{"rendered":"http:\/\/shop.vana-events.nl\/product\/import-placeholder-for-586\/"},"modified":"2026-03-13T21:08:14","modified_gmt":"2026-03-13T20:08:14","slug":"castlefest-2011-cd","status":"publish","type":"product","link":"https:\/\/shop.vana-events.nl\/en\/product\/castlefest-2011-cd\/","title":{"rendered":"Castlefest 2011 CD"},"content":{"rendered":"","protected":false},"excerpt":{"rendered":"<p>The CD of Castlefest 2011:<\/p>\n<ol>\n<li>Omnia &#8211; Free<\/li>\n<li>Leaf &#8211; Fjarilar<\/li>\n<li>Sieben &#8211; We wait for them<\/li>\n<li>Omdul\u00f6 &#8211; Oberon und Titiana<\/li>\n<li>Nuraghi &#8211; Jan mijne man<\/li>\n<li>Irfan &#8211; Los Ojos de la Mora<\/li>\n<li>Iliana &#8211; Linaun Dance<\/li>\n<li>Kelten zonder Grenzen &#8211; Jigtime<\/li>\n<li>Corvus Corax &#8211; De Mundi Statu<\/li>\n<li>Euzen &#8211; Judged By<\/li>\n<li>Faun &#8211; Hymn to Pan<\/li>\n<li>Aero Fragment &#8211; Roots<\/li>\n<li>Omnia Po\u00ebtree &#8211; Gr\u00f6ne Lunden<\/li>\n<li>Valravn &#8211; Sj\u00f3n<\/li>\n<li>Vic Anselmo &#8211; Horizon<\/li>\n<li>Berlinskibeat &#8211; Berliner Pflanze<\/li>\n<\/ol>","protected":false},"featured_media":9929,"template":"","meta":{"jetpack_post_was_ever_published":true,"jetpack_publicize_message":"","jetpack_publicize_feature_enabled":true,"jetpack_social_post_already_shared":true,"jetpack_social_options":{"image_generator_settings":{"template":"highway","enabled":false}}},"product_cat":[16,22,70],"product_tag":[],"jetpack_publicize_connections":[],"yoast_head":"<!-- This site is optimized with the Yoast SEO plugin v22.0 - https:\/\/yoast.com\/wordpress\/plugins\/seo\/ -->\n<title>Castlefest 2011 CD - Vana Events<\/title>\n<meta name=\"robots\" content=\"index, follow, max-snippet:-1, max-image-preview:large, max-video-preview:-1\" \/>\n<link rel=\"canonical\" href=\"https:\/\/shop.vana-events.nl\/en\/product\/castlefest-2011-cd\/\" \/>\n<meta property=\"og:locale\" content=\"en_GB\" \/>\n<meta property=\"og:type\" content=\"article\" \/>\n<meta property=\"og:title\" content=\"Castlefest 2011 CD - Vana Events\" \/>\n<meta property=\"og:description\" content=\"De CD van Castlefest 2011 met:   Omnia - Free  Leaf - Fjarilar  Sieben - We wait for them  Omdul\u00f6 - Oberon und Titiana  Nuraghi - Jan mijne man  Irfan - Los Ojos de la Mora  Iliana - Linaun Dance  Kelten zonder Grenzen - Jigtime  Corvus Corax - De Mundi Statu  Euzen - Judged By  Faun - Hymn to Pan  Aero Fragment - Roots  Omnia Po\u00ebtree - Gr\u00f6ne Lunden  Valravn - Sj\u00f3n  Vic Anselmo - Horizon  Berlinskibeat - Berliner Pflanze\" \/>\n<meta property=\"og:url\" content=\"https:\/\/shop.vana-events.nl\/en\/product\/castlefest-2011-cd\/\" \/>\n<meta property=\"og:site_name\" content=\"Vana Events\" \/>\n<meta property=\"article:modified_time\" content=\"2026-03-13T20:08:14+00:00\" \/>\n<meta property=\"og:image\" content=\"https:\/\/shop.vana-events.nl\/wp-content\/uploads\/2018\/12\/CF-2011-cd-set.jpg\" \/>\n\t<meta property=\"og:image:width\" content=\"1080\" \/>\n\t<meta property=\"og:image:height\" content=\"1080\" \/>\n\t<meta property=\"og:image:type\" content=\"image\/jpeg\" \/>\n<meta name=\"twitter:card\" content=\"summary_large_image\" \/>\n<meta name=\"twitter:label1\" content=\"Estimated reading time\" \/>\n\t<meta name=\"twitter:data1\" content=\"1 minute\" \/>\n<script type=\"application\/ld+json\" class=\"yoast-schema-graph\">{\"@context\":\"https:\/\/schema.org\",\"@graph\":[{\"@type\":\"WebPage\",\"@id\":\"https:\/\/shop.vana-events.nl\/product\/castlefest-2011-cd\/\",\"url\":\"https:\/\/shop.vana-events.nl\/product\/castlefest-2011-cd\/\",\"name\":\"Castlefest 2011 CD - Vana Events\",\"isPartOf\":{\"@id\":\"https:\/\/shop.vana-events.nl\/#website\"},\"datePublished\":\"2018-12-12T14:46:04+00:00\",\"dateModified\":\"2026-03-13T20:08:14+00:00\",\"breadcrumb\":{\"@id\":\"https:\/\/shop.vana-events.nl\/product\/castlefest-2011-cd\/#breadcrumb\"},\"inLanguage\":\"en-GB\",\"potentialAction\":[{\"@type\":\"ReadAction\",\"target\":[\"https:\/\/shop.vana-events.nl\/product\/castlefest-2011-cd\/\"]}]},{\"@type\":\"BreadcrumbList\",\"@id\":\"https:\/\/shop.vana-events.nl\/product\/castlefest-2011-cd\/#breadcrumb\",\"itemListElement\":[{\"@type\":\"ListItem\",\"position\":1,\"name\":\"Home\",\"item\":\"https:\/\/shop.vana-events.nl\/\"},{\"@type\":\"ListItem\",\"position\":2,\"name\":\"Castlefest webshop\",\"item\":\"https:\/\/shop.vana-events.nl\/\"},{\"@type\":\"ListItem\",\"position\":3,\"name\":\"Castlefest 2011 CD\"}]},{\"@type\":\"WebSite\",\"@id\":\"https:\/\/shop.vana-events.nl\/#website\",\"url\":\"https:\/\/shop.vana-events.nl\/\",\"name\":\"Vana Events\",\"description\":\"merchandise\",\"publisher\":{\"@id\":\"https:\/\/shop.vana-events.nl\/#organization\"},\"potentialAction\":[{\"@type\":\"SearchAction\",\"target\":{\"@type\":\"EntryPoint\",\"urlTemplate\":\"https:\/\/shop.vana-events.nl\/?s={search_term_string}\"},\"query-input\":\"required name=search_term_string\"}],\"inLanguage\":\"en-GB\"},{\"@type\":\"Organization\",\"@id\":\"https:\/\/shop.vana-events.nl\/#organization\",\"name\":\"Vana Events\",\"url\":\"https:\/\/shop.vana-events.nl\/\",\"logo\":{\"@type\":\"ImageObject\",\"inLanguage\":\"en-GB\",\"@id\":\"https:\/\/shop.vana-events.nl\/#\/schema\/logo\/image\/\",\"url\":\"https:\/\/shop.vana-events.nl\/wp-content\/uploads\/2018\/12\/cropped-VanaLogoIngekleurd1024-1024x543-2.png\",\"contentUrl\":\"https:\/\/shop.vana-events.nl\/wp-content\/uploads\/2018\/12\/cropped-VanaLogoIngekleurd1024-1024x543-2.png\",\"width\":1024,\"height\":543,\"caption\":\"Vana Events\"},\"image\":{\"@id\":\"https:\/\/shop.vana-events.nl\/#\/schema\/logo\/image\/\"}}]}<\/script>\n<!-- \/ Yoast SEO plugin. -->","yoast_head_json":{"title":"Castlefest 2011 CD - Vana Events","robots":{"index":"index","follow":"follow","max-snippet":"max-snippet:-1","max-image-preview":"max-image-preview:large","max-video-preview":"max-video-preview:-1"},"canonical":"https:\/\/shop.vana-events.nl\/en\/product\/castlefest-2011-cd\/","og_locale":"en_GB","og_type":"article","og_title":"Castlefest 2011 CD - Vana Events","og_description":"De CD van Castlefest 2011 met:   Omnia - Free  Leaf - Fjarilar  Sieben - We wait for them  Omdul\u00f6 - Oberon und Titiana  Nuraghi - Jan mijne man  Irfan - Los Ojos de la Mora  Iliana - Linaun Dance  Kelten zonder Grenzen - Jigtime  Corvus Corax - De Mundi Statu  Euzen - Judged By  Faun - Hymn to Pan  Aero Fragment - Roots  Omnia Po\u00ebtree - Gr\u00f6ne Lunden  Valravn - Sj\u00f3n  Vic Anselmo - Horizon  Berlinskibeat - Berliner Pflanze","og_url":"https:\/\/shop.vana-events.nl\/en\/product\/castlefest-2011-cd\/","og_site_name":"Vana Events","article_modified_time":"2026-03-13T20:08:14+00:00","og_image":[{"width":1080,"height":1080,"url":"https:\/\/shop.vana-events.nl\/wp-content\/uploads\/2018\/12\/CF-2011-cd-set.jpg","type":"image\/jpeg"}],"twitter_card":"summary_large_image","twitter_misc":{"Estimated reading time":"1 minute"},"schema":{"@context":"https:\/\/schema.org","@graph":[{"@type":"WebPage","@id":"https:\/\/shop.vana-events.nl\/product\/castlefest-2011-cd\/","url":"https:\/\/shop.vana-events.nl\/product\/castlefest-2011-cd\/","name":"Castlefest 2011 CD - Vana Events","isPartOf":{"@id":"https:\/\/shop.vana-events.nl\/#website"},"datePublished":"2018-12-12T14:46:04+00:00","dateModified":"2026-03-13T20:08:14+00:00","breadcrumb":{"@id":"https:\/\/shop.vana-events.nl\/product\/castlefest-2011-cd\/#breadcrumb"},"inLanguage":"en-GB","potentialAction":[{"@type":"ReadAction","target":["https:\/\/shop.vana-events.nl\/product\/castlefest-2011-cd\/"]}]},{"@type":"BreadcrumbList","@id":"https:\/\/shop.vana-events.nl\/product\/castlefest-2011-cd\/#breadcrumb","itemListElement":[{"@type":"ListItem","position":1,"name":"Home","item":"https:\/\/shop.vana-events.nl\/"},{"@type":"ListItem","position":2,"name":"Castlefest webshop","item":"https:\/\/shop.vana-events.nl\/"},{"@type":"ListItem","position":3,"name":"Castlefest 2011 CD"}]},{"@type":"WebSite","@id":"https:\/\/shop.vana-events.nl\/#website","url":"https:\/\/shop.vana-events.nl\/","name":"Vana Events","description":"merchandise","publisher":{"@id":"https:\/\/shop.vana-events.nl\/#organization"},"potentialAction":[{"@type":"SearchAction","target":{"@type":"EntryPoint","urlTemplate":"https:\/\/shop.vana-events.nl\/?s={search_term_string}"},"query-input":"required name=search_term_string"}],"inLanguage":"en-GB"},{"@type":"Organization","@id":"https:\/\/shop.vana-events.nl\/#organization","name":"Vana Events","url":"https:\/\/shop.vana-events.nl\/","logo":{"@type":"ImageObject","inLanguage":"en-GB","@id":"https:\/\/shop.vana-events.nl\/#\/schema\/logo\/image\/","url":"https:\/\/shop.vana-events.nl\/wp-content\/uploads\/2018\/12\/cropped-VanaLogoIngekleurd1024-1024x543-2.png","contentUrl":"https:\/\/shop.vana-events.nl\/wp-content\/uploads\/2018\/12\/cropped-VanaLogoIngekleurd1024-1024x543-2.png","width":1024,"height":543,"caption":"Vana Events"},"image":{"@id":"https:\/\/shop.vana-events.nl\/#\/schema\/logo\/image\/"}}]}},"jetpack_sharing_enabled":true,"_links":{"self":[{"href":"https:\/\/shop.vana-events.nl\/en\/wp-json\/wp\/v2\/product\/20"}],"collection":[{"href":"https:\/\/shop.vana-events.nl\/en\/wp-json\/wp\/v2\/product"}],"about":[{"href":"https:\/\/shop.vana-events.nl\/en\/wp-json\/wp\/v2\/types\/product"}],"wp:featuredmedia":[{"embeddable":true,"href":"https:\/\/shop.vana-events.nl\/en\/wp-json\/wp\/v2\/media\/9929"}],"wp:attachment":[{"href":"https:\/\/shop.vana-events.nl\/en\/wp-json\/wp\/v2\/media?parent=20"}],"wp:term":[{"taxonomy":"product_cat","embeddable":true,"href":"https:\/\/shop.vana-events.nl\/en\/wp-json\/wp\/v2\/product_cat?post=20"},{"taxonomy":"product_tag","embeddable":true,"href":"https:\/\/shop.vana-events.nl\/en\/wp-json\/wp\/v2\/product_tag?post=20"}],"curies":[{"name":"wp","href":"https:\/\/api.w.org\/{rel}","templated":true}]}}