{"id":2050,"date":"2020-05-14T17:21:09","date_gmt":"2020-05-14T15:21:09","guid":{"rendered":"https:\/\/shop.vana-events.nl\/?post_type=product&#038;p=2050"},"modified":"2025-11-18T12:42:54","modified_gmt":"2025-11-18T11:42:54","slug":"hope-is-the-thing-with-feathers-ft-oliver-from-faun-song","status":"publish","type":"product","link":"https:\/\/shop.vana-events.nl\/en\/product\/hope-is-the-thing-with-feathers-ft-oliver-from-faun-song\/","title":{"rendered":"&#8216;Hope Is The Thing With Feathers&#8217; ft. Oliver &#038; Adaya from FAUN (song)"},"content":{"rendered":"","protected":false},"excerpt":{"rendered":"<p><strong>To really help us and respect the musicians involved in this project, please do not distribute this song to friends, family, on social media platforms, streaming services or otherwise. This helps us keeping the song special and unique. Please note: downloading this song is only possible if you have an account and are logged in. You will also always find it under \u201cMijn account\u201d and \u201cBestellingen\u201d.<br \/>\n<\/strong><br \/>\nThe single \u2018Hope Is The Thing With Feathers\u2019 was developed by \u0160t\u011bp\u00e1n Honc, Kati R\u00e1n, Oliver Satyr and the musicians of the \u201cCastlefest Folk Collective\u201d, as an initiative to support Castlefest during this impactful time. All of it\u2019s proceeds will be used to make sure fantasy can stay a reality.<\/p>\n<p class=\" translation-block\">\u201cWe hope the song may serve as a reminder that even in challenging times there is always a silver lining on the horizon, that can become a little bit brighter when we work together for a common cause.  With you together, we like to share our collective made single with Vana Events, so that we can all meet again at the beloved Castlefest festival in better times to come.\u201d <br>\n<strong>\u2013 Castlefest Folk Collective -<\/strong><\/p>\n<p>We, from Vana Events, are very humbled by this fantastic gift and hope you will enjoy this wonderful song as much as we do. You can choose what amount you wish to pay for this song yourself.  This product is a digital download. You will receive the link to download the .mp3 file after payment in the confirmation screen as well as in the confirmation e-mail.<\/p>\n<p><strong>CREDITS<br \/>\n<\/strong><em><strong>Production<\/strong><\/em>: \u0160t\u011bp\u00e1n Honc (PerKelt),\u00a0Kati R\u00e1n (R\u00e1n), Oliver Satyr (Faun).<br \/>\n<em><strong>Arrangement<\/strong><\/em>: \u0160t\u011bp\u00e1n Honc (PerKelt), Oliver Satyr (Faun).<br \/>\n<em><strong>Tekst<\/strong><\/em>: Oliver Satyr (Faun).<br \/>\n<em><strong>Mastering<\/strong><\/em>:\u00a0John Spence (FairView StudiosUK)<\/p>\n<p><strong><em>Performed by the Castlefest Folk Collective<\/em><\/strong><br \/>\nVocal: Oliver Satyr (Faun)<br \/>\nVocal: Adaya (Faun)<br \/>\nSupporting vocal: Kati R\u00e1n (R\u00e1n)<br \/>\nSupporting vocal: Sara Saar (SeeD, An\u00fana)<br \/>\nSupporting vocal: Paya Lehane ( Perkelt)<\/p>\n<p><em><strong>Instruments<br \/>\n<\/strong><\/em>Guitar: \u0160t\u011bp\u00e1n Honc (PerKelt)<br \/>\nAccordeon: Laurens Krah (Pyrolysis, Imbue)<br \/>\nHurdy Gurdy: Quentin Maltrud (Le Gar\u00e7on de l&#8217;Automne)<br \/>\nHurdy Gurdy: Adriana Borger (former-Waldkauz)<br \/>\nPiano: Alex Nicola (former-Scardust)<br \/>\nRecorder: Paya Lehane (Perkelt)<br \/>\nViola: Marijn Lammertink<br \/>\nViolin &amp; mandoline: Corn\u00e9 van Woerdekom (Scrum, Finvarra)<br \/>\nCajon: Tuaq Pijlman (Plunder)<br \/>\nDrums, Guda drum: Rob van Barschot<\/p>\n<p><em><strong>Choir<\/strong><\/em><br \/>\nMaryn &amp; Evelyn Sies-van der Horst (Knotenpunkt, Duizel), Evelyn Sies (babyshaman), Sara Saar (SeeD, An\u00fana), Helen Flaherty (Shantalla), Chloe Bakker (Sowulo), Koen van Egmond (SeeD), Tim Elfring (Pyrolysis, Imbue), Quentin Maltrud (Lupercales, Le Gar\u00e7on de L\u2019Automne), Rikke Linssen (Pyrolysis), Eveline Verburg (Twigs&amp;Twine), Gwendolyn Snowdon (Finvarra), Corn\u00e9 van Woerdekom (Scrum, Finvarra), Marijn Lammertink, Robin Lammertink (Imbue).<\/p>","protected":false},"featured_media":2085,"template":"","meta":{"jetpack_post_was_ever_published":true,"jetpack_publicize_message":"","jetpack_publicize_feature_enabled":true,"jetpack_social_post_already_shared":true,"jetpack_social_options":{"image_generator_settings":{"template":"highway","enabled":false}}},"product_cat":[16,26,22],"product_tag":[],"jetpack_publicize_connections":[],"yoast_head":"<!-- This site is optimized with the Yoast SEO plugin v22.0 - https:\/\/yoast.com\/wordpress\/plugins\/seo\/ -->\n<title>&#039;Hope Is The Thing With Feathers&#039; ft. Oliver &amp; Adaya from FAUN (song) - Vana Events<\/title>\n<meta name=\"robots\" content=\"index, follow, max-snippet:-1, max-image-preview:large, max-video-preview:-1\" \/>\n<link rel=\"canonical\" href=\"https:\/\/shop.vana-events.nl\/en\/product\/hope-is-the-thing-with-feathers-ft-oliver-from-faun-song\/\" \/>\n<meta property=\"og:locale\" content=\"en_GB\" \/>\n<meta property=\"og:type\" content=\"article\" \/>\n<meta property=\"og:title\" content=\"&#039;Hope Is The Thing With Feathers&#039; ft. Oliver &amp; Adaya from FAUN (song) - Vana Events\" \/>\n<meta property=\"og:description\" content=\"Om ons echt te helpen en de muzikanten die bij dit project betrokken zijn te respecteren, vragen wij je dit nummer niet verspreiden onder vrienden, familie, op social mediaplatforms, streamingdiensten of anderszins. Dit helpt ons om het nummer speciaal en uniek te houden. Let op: het downloaden van dit nummer is alleen mogelijk als je een account hebt en bent ingelogd. Je vindt het ook altijd onder &quot;Mijn account&quot; en &quot;Bestellingen&quot;.  De single \u2018Hope Is The Thing With Feathers\u2019 is gemaakt door \u0160t\u011bp\u00e1n Honc, Kati R\u00e1n, Oliver Satyr en de muzikanten van het &quot;Castlefest Folk Collective&quot;, als een initiatief om Castlefest te ondersteunen in deze moeilijke tijd. Alle opbrengsten worden gebruikt om ervoor te zorgen dat fantasie werkelijkheid kan blijven.  &#039;We hopen dat het liedje eraan herinnert dat zelfs in uitdagende tijden er altijd een zilveren randje aan de horizon is, dat een beetje helderder kan worden als we samenwerken aan een gemeenschappelijk doel. We delen graag onze collectief gemaakte single met Vana Events, zodat we elkaar in betere tijden allemaal weer kunnen ontmoeten op het geliefde Castlefest festival. \u201d - Castlefest Folk Collective  Wij, van Vana Events, zijn erg onder de indruk van en dankbaar voor dit fantastische cadeau en hopen dat je net zo veel van dit prachtige nummer zult genieten als wij. Je kunt zelf kiezen welk bedrag je voor dit nummer wilt betalen. Dit product is een digitale download. Je ontvangt de link om het .mp3-bestand te downloaden na betaling in het bevestigingsscherm en in de bevestigingsmail.  CREDITS Productie: \u0160t\u011bp\u00e1n Honc (PerKelt),\u00a0Kati R\u00e1n (R\u00e1n), Oliver Satyr (Faun). Arrangement: \u0160t\u011bp\u00e1n Honc (PerKelt), Oliver Satyr (Faun). Tekst: Oliver Satyr (Faun). Mastering:\u00a0John Spence (FairView StudiosUK)  Uitgevoerd door het Castlefest Folk Collective Zang: Oliver Satyr (Faun) Zang: Adaya (Faun) Ondersteunende zang: Kati R\u00e1n (R\u00e1n) Ondersteunende zang: Sara Saar (SeeD, An\u00fana) Ondersteunende zang: Paya Lehane ( Perkelt)  Instrumenten Gitaar: \u0160t\u011bp\u00e1n Honc (PerKelt) Accordeon: Laurens Krah (Pyrolysis, Imbue) Hurdy Gurdy: Quentin Maltrud (Le Gar\u00e7on de l&#039;Automne) Hurdy Gurdy: Adriana Borger (former-Waldkauz) Piano: Alex Nicola (former-Scardust) Recorder: Paya Lehane (Perkelt) Viola: Marijn Lammertink Viool &amp; mandoline: Corn\u00e9 van Woerdekom (Scrum, Finvarra) Cajon: Tuaq Pijlman (Plunder) Drums, Guda drum: Rob van Barschot  Koor Maryn &amp; Evelyn Sies-van der Horst (Knotenpunkt, Duizel), Evelyn Sies (babyshaman), Sara Saar (SeeD, An\u00fana), Helen Flaherty (Shantalla), Chloe Bakker (Sowulo), Koen van Egmond (SeeD), Tim Elfring (Pyrolysis, Imbue), Quentin Maltrud (Lupercales, Le Gar\u00e7on de L\u2019Automne), Rikke Linssen (Pyrolysis), Eveline Verburg (Twigs&amp;Twine), Gwendolyn Snowdon (Finvarra), Corn\u00e9 van Woerdekom (Scrum, Finvarra), Marijn Lammertink, Robin Lammertink (Imbue).\" \/>\n<meta property=\"og:url\" content=\"https:\/\/shop.vana-events.nl\/en\/product\/hope-is-the-thing-with-feathers-ft-oliver-from-faun-song\/\" \/>\n<meta property=\"og:site_name\" content=\"Vana Events\" \/>\n<meta property=\"article:modified_time\" content=\"2025-11-18T11:42:54+00:00\" \/>\n<meta property=\"og:image\" content=\"https:\/\/shop.vana-events.nl\/wp-content\/uploads\/2020\/05\/CF-Hope-is-a-Thing-with-feathers-kaft.jpg\" \/>\n\t<meta property=\"og:image:width\" content=\"1080\" \/>\n\t<meta property=\"og:image:height\" content=\"1080\" \/>\n\t<meta property=\"og:image:type\" content=\"image\/jpeg\" \/>\n<meta name=\"twitter:card\" content=\"summary_large_image\" \/>\n<script type=\"application\/ld+json\" class=\"yoast-schema-graph\">{\"@context\":\"https:\/\/schema.org\",\"@graph\":[{\"@type\":\"WebPage\",\"@id\":\"https:\/\/shop.vana-events.nl\/product\/hope-is-the-thing-with-feathers-ft-oliver-from-faun-song\/\",\"url\":\"https:\/\/shop.vana-events.nl\/product\/hope-is-the-thing-with-feathers-ft-oliver-from-faun-song\/\",\"name\":\"'Hope Is The Thing With Feathers' ft. Oliver & Adaya from FAUN (song) - Vana Events\",\"isPartOf\":{\"@id\":\"https:\/\/shop.vana-events.nl\/#website\"},\"datePublished\":\"2020-05-14T15:21:09+00:00\",\"dateModified\":\"2025-11-18T11:42:54+00:00\",\"breadcrumb\":{\"@id\":\"https:\/\/shop.vana-events.nl\/product\/hope-is-the-thing-with-feathers-ft-oliver-from-faun-song\/#breadcrumb\"},\"inLanguage\":\"en-GB\",\"potentialAction\":[{\"@type\":\"ReadAction\",\"target\":[\"https:\/\/shop.vana-events.nl\/product\/hope-is-the-thing-with-feathers-ft-oliver-from-faun-song\/\"]}]},{\"@type\":\"BreadcrumbList\",\"@id\":\"https:\/\/shop.vana-events.nl\/product\/hope-is-the-thing-with-feathers-ft-oliver-from-faun-song\/#breadcrumb\",\"itemListElement\":[{\"@type\":\"ListItem\",\"position\":1,\"name\":\"Home\",\"item\":\"https:\/\/shop.vana-events.nl\/\"},{\"@type\":\"ListItem\",\"position\":2,\"name\":\"Castlefest webshop\",\"item\":\"https:\/\/shop.vana-events.nl\/\"},{\"@type\":\"ListItem\",\"position\":3,\"name\":\"&#8216;Hope Is The Thing With Feathers&#8217; ft. Oliver &#038; Adaya from FAUN (song)\"}]},{\"@type\":\"WebSite\",\"@id\":\"https:\/\/shop.vana-events.nl\/#website\",\"url\":\"https:\/\/shop.vana-events.nl\/\",\"name\":\"Vana Events\",\"description\":\"merchandise\",\"publisher\":{\"@id\":\"https:\/\/shop.vana-events.nl\/#organization\"},\"potentialAction\":[{\"@type\":\"SearchAction\",\"target\":{\"@type\":\"EntryPoint\",\"urlTemplate\":\"https:\/\/shop.vana-events.nl\/?s={search_term_string}\"},\"query-input\":\"required name=search_term_string\"}],\"inLanguage\":\"en-GB\"},{\"@type\":\"Organization\",\"@id\":\"https:\/\/shop.vana-events.nl\/#organization\",\"name\":\"Vana Events\",\"url\":\"https:\/\/shop.vana-events.nl\/\",\"logo\":{\"@type\":\"ImageObject\",\"inLanguage\":\"en-GB\",\"@id\":\"https:\/\/shop.vana-events.nl\/#\/schema\/logo\/image\/\",\"url\":\"https:\/\/shop.vana-events.nl\/wp-content\/uploads\/2018\/12\/cropped-VanaLogoIngekleurd1024-1024x543-2.png\",\"contentUrl\":\"https:\/\/shop.vana-events.nl\/wp-content\/uploads\/2018\/12\/cropped-VanaLogoIngekleurd1024-1024x543-2.png\",\"width\":1024,\"height\":543,\"caption\":\"Vana Events\"},\"image\":{\"@id\":\"https:\/\/shop.vana-events.nl\/#\/schema\/logo\/image\/\"}}]}<\/script>\n<!-- \/ Yoast SEO plugin. -->","yoast_head_json":{"title":"'Hope Is The Thing With Feathers' ft. Oliver & Adaya from FAUN (song) - Vana Events","robots":{"index":"index","follow":"follow","max-snippet":"max-snippet:-1","max-image-preview":"max-image-preview:large","max-video-preview":"max-video-preview:-1"},"canonical":"https:\/\/shop.vana-events.nl\/en\/product\/hope-is-the-thing-with-feathers-ft-oliver-from-faun-song\/","og_locale":"en_GB","og_type":"article","og_title":"'Hope Is The Thing With Feathers' ft. Oliver & Adaya from FAUN (song) - Vana Events","og_description":"Om ons echt te helpen en de muzikanten die bij dit project betrokken zijn te respecteren, vragen wij je dit nummer niet verspreiden onder vrienden, familie, op social mediaplatforms, streamingdiensten of anderszins. Dit helpt ons om het nummer speciaal en uniek te houden. Let op: het downloaden van dit nummer is alleen mogelijk als je een account hebt en bent ingelogd. Je vindt het ook altijd onder \"Mijn account\" en \"Bestellingen\".  De single \u2018Hope Is The Thing With Feathers\u2019 is gemaakt door \u0160t\u011bp\u00e1n Honc, Kati R\u00e1n, Oliver Satyr en de muzikanten van het \"Castlefest Folk Collective\", als een initiatief om Castlefest te ondersteunen in deze moeilijke tijd. Alle opbrengsten worden gebruikt om ervoor te zorgen dat fantasie werkelijkheid kan blijven.  'We hopen dat het liedje eraan herinnert dat zelfs in uitdagende tijden er altijd een zilveren randje aan de horizon is, dat een beetje helderder kan worden als we samenwerken aan een gemeenschappelijk doel. We delen graag onze collectief gemaakte single met Vana Events, zodat we elkaar in betere tijden allemaal weer kunnen ontmoeten op het geliefde Castlefest festival. \u201d - Castlefest Folk Collective  Wij, van Vana Events, zijn erg onder de indruk van en dankbaar voor dit fantastische cadeau en hopen dat je net zo veel van dit prachtige nummer zult genieten als wij. Je kunt zelf kiezen welk bedrag je voor dit nummer wilt betalen. Dit product is een digitale download. Je ontvangt de link om het .mp3-bestand te downloaden na betaling in het bevestigingsscherm en in de bevestigingsmail.  CREDITS Productie: \u0160t\u011bp\u00e1n Honc (PerKelt),\u00a0Kati R\u00e1n (R\u00e1n), Oliver Satyr (Faun). Arrangement: \u0160t\u011bp\u00e1n Honc (PerKelt), Oliver Satyr (Faun). Tekst: Oliver Satyr (Faun). Mastering:\u00a0John Spence (FairView StudiosUK)  Uitgevoerd door het Castlefest Folk Collective Zang: Oliver Satyr (Faun) Zang: Adaya (Faun) Ondersteunende zang: Kati R\u00e1n (R\u00e1n) Ondersteunende zang: Sara Saar (SeeD, An\u00fana) Ondersteunende zang: Paya Lehane ( Perkelt)  Instrumenten Gitaar: \u0160t\u011bp\u00e1n Honc (PerKelt) Accordeon: Laurens Krah (Pyrolysis, Imbue) Hurdy Gurdy: Quentin Maltrud (Le Gar\u00e7on de l'Automne) Hurdy Gurdy: Adriana Borger (former-Waldkauz) Piano: Alex Nicola (former-Scardust) Recorder: Paya Lehane (Perkelt) Viola: Marijn Lammertink Viool &amp; mandoline: Corn\u00e9 van Woerdekom (Scrum, Finvarra) Cajon: Tuaq Pijlman (Plunder) Drums, Guda drum: Rob van Barschot  Koor Maryn &amp; Evelyn Sies-van der Horst (Knotenpunkt, Duizel), Evelyn Sies (babyshaman), Sara Saar (SeeD, An\u00fana), Helen Flaherty (Shantalla), Chloe Bakker (Sowulo), Koen van Egmond (SeeD), Tim Elfring (Pyrolysis, Imbue), Quentin Maltrud (Lupercales, Le Gar\u00e7on de L\u2019Automne), Rikke Linssen (Pyrolysis), Eveline Verburg (Twigs&amp;Twine), Gwendolyn Snowdon (Finvarra), Corn\u00e9 van Woerdekom (Scrum, Finvarra), Marijn Lammertink, Robin Lammertink (Imbue).","og_url":"https:\/\/shop.vana-events.nl\/en\/product\/hope-is-the-thing-with-feathers-ft-oliver-from-faun-song\/","og_site_name":"Vana Events","article_modified_time":"2025-11-18T11:42:54+00:00","og_image":[{"width":1080,"height":1080,"url":"https:\/\/shop.vana-events.nl\/wp-content\/uploads\/2020\/05\/CF-Hope-is-a-Thing-with-feathers-kaft.jpg","type":"image\/jpeg"}],"twitter_card":"summary_large_image","schema":{"@context":"https:\/\/schema.org","@graph":[{"@type":"WebPage","@id":"https:\/\/shop.vana-events.nl\/product\/hope-is-the-thing-with-feathers-ft-oliver-from-faun-song\/","url":"https:\/\/shop.vana-events.nl\/product\/hope-is-the-thing-with-feathers-ft-oliver-from-faun-song\/","name":"'Hope Is The Thing With Feathers' ft. Oliver & Adaya from FAUN (song) - Vana Events","isPartOf":{"@id":"https:\/\/shop.vana-events.nl\/#website"},"datePublished":"2020-05-14T15:21:09+00:00","dateModified":"2025-11-18T11:42:54+00:00","breadcrumb":{"@id":"https:\/\/shop.vana-events.nl\/product\/hope-is-the-thing-with-feathers-ft-oliver-from-faun-song\/#breadcrumb"},"inLanguage":"en-GB","potentialAction":[{"@type":"ReadAction","target":["https:\/\/shop.vana-events.nl\/product\/hope-is-the-thing-with-feathers-ft-oliver-from-faun-song\/"]}]},{"@type":"BreadcrumbList","@id":"https:\/\/shop.vana-events.nl\/product\/hope-is-the-thing-with-feathers-ft-oliver-from-faun-song\/#breadcrumb","itemListElement":[{"@type":"ListItem","position":1,"name":"Home","item":"https:\/\/shop.vana-events.nl\/"},{"@type":"ListItem","position":2,"name":"Castlefest webshop","item":"https:\/\/shop.vana-events.nl\/"},{"@type":"ListItem","position":3,"name":"&#8216;Hope Is The Thing With Feathers&#8217; ft. Oliver &#038; Adaya from FAUN (song)"}]},{"@type":"WebSite","@id":"https:\/\/shop.vana-events.nl\/#website","url":"https:\/\/shop.vana-events.nl\/","name":"Vana Events","description":"merchandise","publisher":{"@id":"https:\/\/shop.vana-events.nl\/#organization"},"potentialAction":[{"@type":"SearchAction","target":{"@type":"EntryPoint","urlTemplate":"https:\/\/shop.vana-events.nl\/?s={search_term_string}"},"query-input":"required name=search_term_string"}],"inLanguage":"en-GB"},{"@type":"Organization","@id":"https:\/\/shop.vana-events.nl\/#organization","name":"Vana Events","url":"https:\/\/shop.vana-events.nl\/","logo":{"@type":"ImageObject","inLanguage":"en-GB","@id":"https:\/\/shop.vana-events.nl\/#\/schema\/logo\/image\/","url":"https:\/\/shop.vana-events.nl\/wp-content\/uploads\/2018\/12\/cropped-VanaLogoIngekleurd1024-1024x543-2.png","contentUrl":"https:\/\/shop.vana-events.nl\/wp-content\/uploads\/2018\/12\/cropped-VanaLogoIngekleurd1024-1024x543-2.png","width":1024,"height":543,"caption":"Vana Events"},"image":{"@id":"https:\/\/shop.vana-events.nl\/#\/schema\/logo\/image\/"}}]}},"jetpack_sharing_enabled":true,"_links":{"self":[{"href":"https:\/\/shop.vana-events.nl\/en\/wp-json\/wp\/v2\/product\/2050"}],"collection":[{"href":"https:\/\/shop.vana-events.nl\/en\/wp-json\/wp\/v2\/product"}],"about":[{"href":"https:\/\/shop.vana-events.nl\/en\/wp-json\/wp\/v2\/types\/product"}],"wp:featuredmedia":[{"embeddable":true,"href":"https:\/\/shop.vana-events.nl\/en\/wp-json\/wp\/v2\/media\/2085"}],"wp:attachment":[{"href":"https:\/\/shop.vana-events.nl\/en\/wp-json\/wp\/v2\/media?parent=2050"}],"wp:term":[{"taxonomy":"product_cat","embeddable":true,"href":"https:\/\/shop.vana-events.nl\/en\/wp-json\/wp\/v2\/product_cat?post=2050"},{"taxonomy":"product_tag","embeddable":true,"href":"https:\/\/shop.vana-events.nl\/en\/wp-json\/wp\/v2\/product_tag?post=2050"}],"curies":[{"name":"wp","href":"https:\/\/api.w.org\/{rel}","templated":true}]}}