{"id":751,"date":"2019-01-21T15:11:54","date_gmt":"2019-01-21T14:11:54","guid":{"rendered":"https:\/\/shop.vana-events.nl\/?post_type=product&#038;p=751"},"modified":"2026-03-03T06:09:31","modified_gmt":"2026-03-03T05:09:31","slug":"castlefest-2018-cd","status":"publish","type":"product","link":"https:\/\/shop.vana-events.nl\/en\/product\/castlefest-2018-cd\/","title":{"rendered":"Castlefest 2018 CD"},"content":{"rendered":"","protected":false},"excerpt":{"rendered":"<p>The CD of Castlefest 2018:<\/p>\n<ol>\n<li>The SIDH &#8211; Khan (ft. Marcin Ruminski)<\/li>\n<li>Sowulo &#8211; Ginnungagap<\/li>\n<li>Fiona &#8211; Monaghan Jig<\/li>\n<li>Emian &#8211; Mephite<\/li>\n<li>Prima Nocta &#8211; Stones and Metal<\/li>\n<li>Waldkauz &#8211; Mati Syra Zemlya<\/li>\n<li>\u00c1rst\u00eddir &#8211; While This Way<\/li>\n<li>Eiv\u00f8r &#8211; Salt (Live in Th\u00f3rshavn)<\/li>\n<li>Brisinga &#8211; Sin\u00e4 ja Min\u00e4<\/li>\n<li>Kelten zonder Grenzen &#8211; The Day after the Night Before<\/li>\n<li>Sunfire &#8211; Shot<\/li>\n<li>Irfan &#8211; Burana<\/li>\n<li>The Dolmen &#8211; Devils Kind<\/li>\n<li>La Maisnie Hellequin &#8211; Hellequin<\/li>\n<li>Coppelius &#8211; I&#8217;d Change Everything<\/li>\n<li>Kaunan &#8211; Dansen Ungdom<\/li>\n<li>ThunderCrow &#8211; UpBeat<\/li>\n<\/ol>","protected":false},"featured_media":9925,"template":"","meta":{"jetpack_post_was_ever_published":true,"jetpack_publicize_message":"","jetpack_publicize_feature_enabled":true,"jetpack_social_post_already_shared":true,"jetpack_social_options":{"image_generator_settings":{"template":"highway","enabled":false}}},"product_cat":[16,22,70],"product_tag":[],"jetpack_publicize_connections":[],"yoast_head":"<!-- This site is optimized with the Yoast SEO plugin v22.0 - https:\/\/yoast.com\/wordpress\/plugins\/seo\/ -->\n<title>Castlefest 2018 CD - Vana Events<\/title>\n<meta name=\"robots\" content=\"index, follow, max-snippet:-1, max-image-preview:large, max-video-preview:-1\" \/>\n<link rel=\"canonical\" href=\"https:\/\/shop.vana-events.nl\/en\/product\/castlefest-2018-cd\/\" \/>\n<meta property=\"og:locale\" content=\"en_GB\" \/>\n<meta property=\"og:type\" content=\"article\" \/>\n<meta property=\"og:title\" content=\"Castlefest 2018 CD - Vana Events\" \/>\n<meta property=\"og:description\" content=\"De CD van Castlefest 2018:   The SIDH - Khan (ft. Marcin Ruminski)  Sowulo - Ginnungagap  Fiona - Monaghan Jig  Emian - Mephite  Prima Nocta - Stones and Metal  Waldkauz - Mati Syra Zemlya  \u00c1rst\u00eddir - While This Way  Eiv\u00f8r - Salt (Live in Th\u00f3rshavn)  Brisinga - Sin\u00e4 ja Min\u00e4  Kelten zonder Grenzen - The Day after the Night Before  Sunfire - Shot  Irfan - Burana  The Dolmen - Devils Kind  La Maisnie Hellequin - Hellequin  Coppelius - I&#039;d Change Everything  Kaunan - Dansen Ungdom  ThunderCrow - UpBeat\" \/>\n<meta property=\"og:url\" content=\"https:\/\/shop.vana-events.nl\/en\/product\/castlefest-2018-cd\/\" \/>\n<meta property=\"og:site_name\" content=\"Vana Events\" \/>\n<meta property=\"article:modified_time\" content=\"2026-03-03T05:09:31+00:00\" \/>\n<meta property=\"og:image\" content=\"https:\/\/shop.vana-events.nl\/wp-content\/uploads\/2019\/01\/CF-2018-cd-set.jpg\" \/>\n\t<meta property=\"og:image:width\" content=\"1080\" \/>\n\t<meta property=\"og:image:height\" content=\"1080\" \/>\n\t<meta property=\"og:image:type\" content=\"image\/jpeg\" \/>\n<meta name=\"twitter:card\" content=\"summary_large_image\" \/>\n<meta name=\"twitter:label1\" content=\"Estimated reading time\" \/>\n\t<meta name=\"twitter:data1\" content=\"1 minute\" \/>\n<script type=\"application\/ld+json\" class=\"yoast-schema-graph\">{\"@context\":\"https:\/\/schema.org\",\"@graph\":[{\"@type\":\"WebPage\",\"@id\":\"https:\/\/shop.vana-events.nl\/product\/castlefest-2018-cd\/\",\"url\":\"https:\/\/shop.vana-events.nl\/product\/castlefest-2018-cd\/\",\"name\":\"Castlefest 2018 CD - Vana Events\",\"isPartOf\":{\"@id\":\"https:\/\/shop.vana-events.nl\/#website\"},\"datePublished\":\"2019-01-21T14:11:54+00:00\",\"dateModified\":\"2026-03-03T05:09:31+00:00\",\"breadcrumb\":{\"@id\":\"https:\/\/shop.vana-events.nl\/product\/castlefest-2018-cd\/#breadcrumb\"},\"inLanguage\":\"en-GB\",\"potentialAction\":[{\"@type\":\"ReadAction\",\"target\":[\"https:\/\/shop.vana-events.nl\/product\/castlefest-2018-cd\/\"]}]},{\"@type\":\"BreadcrumbList\",\"@id\":\"https:\/\/shop.vana-events.nl\/product\/castlefest-2018-cd\/#breadcrumb\",\"itemListElement\":[{\"@type\":\"ListItem\",\"position\":1,\"name\":\"Home\",\"item\":\"https:\/\/shop.vana-events.nl\/\"},{\"@type\":\"ListItem\",\"position\":2,\"name\":\"Castlefest webshop\",\"item\":\"https:\/\/shop.vana-events.nl\/\"},{\"@type\":\"ListItem\",\"position\":3,\"name\":\"Castlefest 2018 CD\"}]},{\"@type\":\"WebSite\",\"@id\":\"https:\/\/shop.vana-events.nl\/#website\",\"url\":\"https:\/\/shop.vana-events.nl\/\",\"name\":\"Vana Events\",\"description\":\"merchandise\",\"publisher\":{\"@id\":\"https:\/\/shop.vana-events.nl\/#organization\"},\"potentialAction\":[{\"@type\":\"SearchAction\",\"target\":{\"@type\":\"EntryPoint\",\"urlTemplate\":\"https:\/\/shop.vana-events.nl\/?s={search_term_string}\"},\"query-input\":\"required name=search_term_string\"}],\"inLanguage\":\"en-GB\"},{\"@type\":\"Organization\",\"@id\":\"https:\/\/shop.vana-events.nl\/#organization\",\"name\":\"Vana Events\",\"url\":\"https:\/\/shop.vana-events.nl\/\",\"logo\":{\"@type\":\"ImageObject\",\"inLanguage\":\"en-GB\",\"@id\":\"https:\/\/shop.vana-events.nl\/#\/schema\/logo\/image\/\",\"url\":\"https:\/\/shop.vana-events.nl\/wp-content\/uploads\/2018\/12\/cropped-VanaLogoIngekleurd1024-1024x543-2.png\",\"contentUrl\":\"https:\/\/shop.vana-events.nl\/wp-content\/uploads\/2018\/12\/cropped-VanaLogoIngekleurd1024-1024x543-2.png\",\"width\":1024,\"height\":543,\"caption\":\"Vana Events\"},\"image\":{\"@id\":\"https:\/\/shop.vana-events.nl\/#\/schema\/logo\/image\/\"}}]}<\/script>\n<!-- \/ Yoast SEO plugin. -->","yoast_head_json":{"title":"Castlefest 2018 CD - Vana Events","robots":{"index":"index","follow":"follow","max-snippet":"max-snippet:-1","max-image-preview":"max-image-preview:large","max-video-preview":"max-video-preview:-1"},"canonical":"https:\/\/shop.vana-events.nl\/en\/product\/castlefest-2018-cd\/","og_locale":"en_GB","og_type":"article","og_title":"Castlefest 2018 CD - Vana Events","og_description":"De CD van Castlefest 2018:   The SIDH - Khan (ft. Marcin Ruminski)  Sowulo - Ginnungagap  Fiona - Monaghan Jig  Emian - Mephite  Prima Nocta - Stones and Metal  Waldkauz - Mati Syra Zemlya  \u00c1rst\u00eddir - While This Way  Eiv\u00f8r - Salt (Live in Th\u00f3rshavn)  Brisinga - Sin\u00e4 ja Min\u00e4  Kelten zonder Grenzen - The Day after the Night Before  Sunfire - Shot  Irfan - Burana  The Dolmen - Devils Kind  La Maisnie Hellequin - Hellequin  Coppelius - I'd Change Everything  Kaunan - Dansen Ungdom  ThunderCrow - UpBeat","og_url":"https:\/\/shop.vana-events.nl\/en\/product\/castlefest-2018-cd\/","og_site_name":"Vana Events","article_modified_time":"2026-03-03T05:09:31+00:00","og_image":[{"width":1080,"height":1080,"url":"https:\/\/shop.vana-events.nl\/wp-content\/uploads\/2019\/01\/CF-2018-cd-set.jpg","type":"image\/jpeg"}],"twitter_card":"summary_large_image","twitter_misc":{"Estimated reading time":"1 minute"},"schema":{"@context":"https:\/\/schema.org","@graph":[{"@type":"WebPage","@id":"https:\/\/shop.vana-events.nl\/product\/castlefest-2018-cd\/","url":"https:\/\/shop.vana-events.nl\/product\/castlefest-2018-cd\/","name":"Castlefest 2018 CD - Vana Events","isPartOf":{"@id":"https:\/\/shop.vana-events.nl\/#website"},"datePublished":"2019-01-21T14:11:54+00:00","dateModified":"2026-03-03T05:09:31+00:00","breadcrumb":{"@id":"https:\/\/shop.vana-events.nl\/product\/castlefest-2018-cd\/#breadcrumb"},"inLanguage":"en-GB","potentialAction":[{"@type":"ReadAction","target":["https:\/\/shop.vana-events.nl\/product\/castlefest-2018-cd\/"]}]},{"@type":"BreadcrumbList","@id":"https:\/\/shop.vana-events.nl\/product\/castlefest-2018-cd\/#breadcrumb","itemListElement":[{"@type":"ListItem","position":1,"name":"Home","item":"https:\/\/shop.vana-events.nl\/"},{"@type":"ListItem","position":2,"name":"Castlefest webshop","item":"https:\/\/shop.vana-events.nl\/"},{"@type":"ListItem","position":3,"name":"Castlefest 2018 CD"}]},{"@type":"WebSite","@id":"https:\/\/shop.vana-events.nl\/#website","url":"https:\/\/shop.vana-events.nl\/","name":"Vana Events","description":"merchandise","publisher":{"@id":"https:\/\/shop.vana-events.nl\/#organization"},"potentialAction":[{"@type":"SearchAction","target":{"@type":"EntryPoint","urlTemplate":"https:\/\/shop.vana-events.nl\/?s={search_term_string}"},"query-input":"required name=search_term_string"}],"inLanguage":"en-GB"},{"@type":"Organization","@id":"https:\/\/shop.vana-events.nl\/#organization","name":"Vana Events","url":"https:\/\/shop.vana-events.nl\/","logo":{"@type":"ImageObject","inLanguage":"en-GB","@id":"https:\/\/shop.vana-events.nl\/#\/schema\/logo\/image\/","url":"https:\/\/shop.vana-events.nl\/wp-content\/uploads\/2018\/12\/cropped-VanaLogoIngekleurd1024-1024x543-2.png","contentUrl":"https:\/\/shop.vana-events.nl\/wp-content\/uploads\/2018\/12\/cropped-VanaLogoIngekleurd1024-1024x543-2.png","width":1024,"height":543,"caption":"Vana Events"},"image":{"@id":"https:\/\/shop.vana-events.nl\/#\/schema\/logo\/image\/"}}]}},"jetpack_sharing_enabled":true,"_links":{"self":[{"href":"https:\/\/shop.vana-events.nl\/en\/wp-json\/wp\/v2\/product\/751"}],"collection":[{"href":"https:\/\/shop.vana-events.nl\/en\/wp-json\/wp\/v2\/product"}],"about":[{"href":"https:\/\/shop.vana-events.nl\/en\/wp-json\/wp\/v2\/types\/product"}],"wp:featuredmedia":[{"embeddable":true,"href":"https:\/\/shop.vana-events.nl\/en\/wp-json\/wp\/v2\/media\/9925"}],"wp:attachment":[{"href":"https:\/\/shop.vana-events.nl\/en\/wp-json\/wp\/v2\/media?parent=751"}],"wp:term":[{"taxonomy":"product_cat","embeddable":true,"href":"https:\/\/shop.vana-events.nl\/en\/wp-json\/wp\/v2\/product_cat?post=751"},{"taxonomy":"product_tag","embeddable":true,"href":"https:\/\/shop.vana-events.nl\/en\/wp-json\/wp\/v2\/product_tag?post=751"}],"curies":[{"name":"wp","href":"https:\/\/api.w.org\/{rel}","templated":true}]}}